{"id":25235,"date":"2026-01-15T15:08:27","date_gmt":"2026-01-15T15:08:27","guid":{"rendered":"https:\/\/aeh.developpement.top\/?page_id=25235"},"modified":"2026-03-02T14:42:14","modified_gmt":"2026-03-02T14:42:14","slug":"opportunite","status":"publish","type":"page","link":"https:\/\/aeh.developpement.top\/fr\/sengager\/opportunite\/","title":{"rendered":"Opportunit\u00e9"},"content":{"rendered":"<div data-elementor-type=\"wp-page\" data-elementor-id=\"25235\" class=\"elementor elementor-25235\" data-elementor-post-type=\"page\">\n\t\t\t\t\t\t<section class=\"elementor-section elementor-top-section elementor-element elementor-element-ecf55a0 elementor-section-stretched elementor-section-boxed elementor-section-height-default elementor-section-height-default\" data-id=\"ecf55a0\" data-element_type=\"section\" data-settings=\"{&quot;stretch_section&quot;:&quot;section-stretched&quot;}\">\n\t\t\t\t\t\t<div class=\"elementor-container elementor-column-gap-extended\">\n\t\t\t\t\t<div class=\"elementor-column elementor-col-100 elementor-top-column elementor-element elementor-element-d288a26\" data-id=\"d288a26\" data-element_type=\"column\">\n\t\t\t<div class=\"elementor-widget-wrap elementor-element-populated\">\n\t\t\t\t\t\t<div class=\"elementor-element elementor-element-f971358 elementor-mobile-align-center elementor-widget elementor-widget-breadcrumbs\" data-id=\"f971358\" data-element_type=\"widget\" data-widget_type=\"breadcrumbs.default\">\n\t\t\t\t<div class=\"elementor-widget-container\">\n\t\t\t\t\t<p id=\"breadcrumbs\"><span><span>Home<\/span><\/span><\/p>\t\t\t\t<\/div>\n\t\t\t\t<\/div>\n\t\t\t\t\t<\/div>\n\t\t<\/div>\n\t\t\t\t\t<\/div>\n\t\t<\/section>\n\t\t\t\t<section class=\"elementor-section elementor-top-section elementor-element elementor-element-5e0d2b7 elementor-section-height-min-height elementor-section-boxed elementor-section-height-default elementor-section-items-middle\" data-id=\"5e0d2b7\" data-element_type=\"section\" data-settings=\"{&quot;background_background&quot;:&quot;classic&quot;}\">\n\t\t\t\t\t\t\t<div class=\"elementor-background-overlay\"><\/div>\n\t\t\t\t\t\t\t<div class=\"elementor-container elementor-column-gap-extended\">\n\t\t\t\t\t<div class=\"elementor-column elementor-col-100 elementor-top-column elementor-element elementor-element-00fe3c8\" data-id=\"00fe3c8\" data-element_type=\"column\">\n\t\t\t<div class=\"elementor-widget-wrap elementor-element-populated\">\n\t\t\t\t\t\t<div class=\"elementor-element elementor-element-a8c0a5f elementor-widget elementor-widget-heading\" data-id=\"a8c0a5f\" data-element_type=\"widget\" data-widget_type=\"heading.default\">\n\t\t\t\t<div class=\"elementor-widget-container\">\n\t\t\t\t\t<h2 class=\"elementor-heading-title elementor-size-default\">Opportunit\u00e9s <span class=\"point\">.<\/span><\/h2>\t\t\t\t<\/div>\n\t\t\t\t<\/div>\n\t\t\t\t\t<\/div>\n\t\t<\/div>\n\t\t\t\t\t<\/div>\n\t\t<\/section>\n\t\t\t\t<section class=\"elementor-section elementor-top-section elementor-element elementor-element-d5d6fbd elementor-section-stretched elementor-section-boxed elementor-section-height-default elementor-section-height-default\" data-id=\"d5d6fbd\" data-element_type=\"section\" data-settings=\"{&quot;stretch_section&quot;:&quot;section-stretched&quot;}\">\n\t\t\t\t\t\t<div class=\"elementor-container elementor-column-gap-extended\">\n\t\t\t\t\t<div class=\"elementor-column elementor-col-100 elementor-top-column elementor-element elementor-element-9124210\" data-id=\"9124210\" data-element_type=\"column\">\n\t\t\t<div class=\"elementor-widget-wrap elementor-element-populated\">\n\t\t\t\t\t\t<div class=\"elementor-element elementor-element-4fd3b62 elementor-widget elementor-widget-text-editor\" data-id=\"4fd3b62\" data-element_type=\"widget\" data-widget_type=\"text-editor.default\">\n\t\t\t\t<div class=\"elementor-widget-container\">\n\t\t\t\t\t\t\t\t\t<strong>Offres d\u2019emploi au sein de l\u2019AEH et de ses centres<\/strong>\n\nIl n\u2019y a actuellement aucun poste \u00e0 pourvoir au sein du si\u00e8ge de l\u2019Association de l\u2019Enfance Handicap\u00e9e ni de ses centres.\n\n<strong>Opportunit\u00e9s pour les Personnes en Situation de Handicap<\/strong>\n\n<a href=\"\/wp-content\/uploads\/2026\/03\/eed010f6-ca84-4ed9-ab87-cc1c27be09b2-1.pdf\">Programme d\u2019appui et d\u2019accompagnement des jeunes pour la cr\u00e9ation et le d\u00e9veloppement des tr\u00e8s petites entreprises<\/a>\n\nD\u00e9couvrez les opportunit\u00e9s et les services offerts aux personnes en situation de handicap dans les structures publiques nationales sur le site du minist\u00e8re de la Solidarit\u00e9, de l\u2019Insertion sociale et de la famille, en cliquant\u00a0<a href=\"https:\/\/social.gov.ma\/services-destines-aux-personnes-handicapees\/\"><u>ici<\/u><\/a>.\t\t\t\t\t\t\t\t<\/div>\n\t\t\t\t<\/div>\n\t\t\t\t\t<\/div>\n\t\t<\/div>\n\t\t\t\t\t<\/div>\n\t\t<\/section>\n\t\t\t\t<section class=\"elementor-section elementor-top-section elementor-element elementor-element-68ee8cc elementor-section-stretched elementor-section-boxed elementor-section-height-default elementor-section-height-default\" data-id=\"68ee8cc\" data-element_type=\"section\" data-settings=\"{&quot;stretch_section&quot;:&quot;section-stretched&quot;,&quot;background_background&quot;:&quot;classic&quot;}\">\n\t\t\t\t\t\t<div class=\"elementor-container elementor-column-gap-extended\">\n\t\t\t\t\t<div class=\"elementor-column elementor-col-100 elementor-top-column elementor-element elementor-element-57ff25d\" data-id=\"57ff25d\" data-element_type=\"column\">\n\t\t\t<div class=\"elementor-widget-wrap elementor-element-populated\">\n\t\t\t\t\t\t<div class=\"elementor-element elementor-element-f4d226f elementor-widget elementor-widget-text-editor\" data-id=\"f4d226f\" data-element_type=\"widget\" data-widget_type=\"text-editor.default\">\n\t\t\t\t<div class=\"elementor-widget-container\">\n\t\t\t\t\t\t\t\t\t<p>Vous \u00eates une entreprise ou un organisme priv\u00e9, et vous souhaitez int\u00e9grer des personnes en situation de handicap dans vos \u00e9quipes, pour un emploi ou un stage, contactez-nous. Une \u00e9quipe de l\u2019AEH d\u00e9di\u00e9e \u00e0 l\u2019accompagnement socio-professionnel est pr\u00eate \u00e0 vous accompagner dans votre d\u00e9marche de recrutement, ainsi que pour le suivi. N\u2019h\u00e9sitez pas \u00e0 nous \u00e9crire pour tout renseignement, nous nous ferons une joie de vous soutenir dans votre d\u00e9marche.<\/p><p>\u00a0<\/p>\t\t\t\t\t\t\t\t<\/div>\n\t\t\t\t<\/div>\n\t\t\t\t\t<\/div>\n\t\t<\/div>\n\t\t\t\t\t<\/div>\n\t\t<\/section>\n\t\t\t\t<\/div>","protected":false},"excerpt":{"rendered":"<p>Opportunit\u00e9s . Offres d\u2019emploi au sein de l\u2019AEH et de ses centres Il n\u2019y a actuellement aucun poste \u00e0 pourvoir au sein du si\u00e8ge de l\u2019Association de l\u2019Enfance Handicap\u00e9e ni [&hellip;]<\/p>","protected":false},"author":1,"featured_media":0,"parent":25229,"menu_order":0,"comment_status":"closed","ping_status":"closed","template":"elementor_header_footer","meta":{"_acf_changed":false,"give_campaign_id":0,"footnotes":""},"class_list":["post-25235","page","type-page","status-publish","hentry","entry"],"acf":[],"yoast_head":"<!-- This site is optimized with the Yoast SEO plugin v26.8 - https:\/\/yoast.com\/product\/yoast-seo-wordpress\/ -->\n<title>Opportunit\u00e9 - AEH<\/title>\n<meta name=\"robots\" content=\"noindex, follow, max-snippet:-1, max-image-preview:large, max-video-preview:-1\" \/>\n<meta property=\"og:locale\" content=\"en_US\" \/>\n<meta property=\"og:type\" content=\"article\" \/>\n<meta property=\"og:title\" content=\"Opportunit\u00e9 - AEH\" \/>\n<meta property=\"og:description\" content=\"Opportunit\u00e9s . Offres d\u2019emploi au sein de l\u2019AEH et de ses centres Il n\u2019y a actuellement aucun poste \u00e0 pourvoir au sein du si\u00e8ge de l\u2019Association de l\u2019Enfance Handicap\u00e9e ni [&hellip;]\" \/>\n<meta property=\"og:url\" content=\"\/fr\/https:\/\/aeh.developpement.top\/fr\/sengager\/opportunite\/\/\" \/>\n<meta property=\"og:site_name\" content=\"AEH\" \/>\n<meta property=\"article:modified_time\" content=\"2026-03-02T14:42:14+00:00\" \/>\n<meta name=\"twitter:card\" content=\"summary_large_image\" \/>\n<meta name=\"twitter:label1\" content=\"Est. reading time\" \/>\n\t<meta name=\"twitter:data1\" content=\"1 minute\" \/>\n<script type=\"application\/ld+json\" class=\"yoast-schema-graph\">{\"@context\":\"https:\/\/schema.org\",\"@graph\":[{\"@type\":\"WebPage\",\"@id\":\"https:\/\/aeh.developpement.top\/fr\/sengager\/opportunite\/\",\"url\":\"https:\/\/aeh.developpement.top\/fr\/sengager\/opportunite\/\",\"name\":\"Opportunit\u00e9 - AEH\",\"isPartOf\":{\"@id\":\"https:\/\/aeh.developpement.top\/#website\"},\"datePublished\":\"2026-01-15T15:08:27+00:00\",\"dateModified\":\"2026-03-02T14:42:14+00:00\",\"breadcrumb\":{\"@id\":\"https:\/\/aeh.developpement.top\/fr\/sengager\/opportunite\/#breadcrumb\"},\"inLanguage\":\"en-US\",\"potentialAction\":[{\"@type\":\"ReadAction\",\"target\":[\"https:\/\/aeh.developpement.top\/fr\/sengager\/opportunite\/\"]}]},{\"@type\":\"BreadcrumbList\",\"@id\":\"https:\/\/aeh.developpement.top\/fr\/sengager\/opportunite\/#breadcrumb\",\"itemListElement\":[{\"@type\":\"ListItem\",\"position\":1,\"name\":\"Home\"},{\"@type\":\"ListItem\",\"position\":2,\"name\":\"S\u2019engager\",\"item\":\"https:\/\/aeh.developpement.top\/sengager\/\"},{\"@type\":\"ListItem\",\"position\":3,\"name\":\"Opportunit\u00e9\"}]},{\"@type\":\"WebSite\",\"@id\":\"https:\/\/aeh.developpement.top\/#website\",\"url\":\"https:\/\/aeh.developpement.top\/\",\"name\":\"AEH\",\"description\":\"\",\"publisher\":{\"@id\":\"https:\/\/aeh.developpement.top\/#organization\"},\"potentialAction\":[{\"@type\":\"SearchAction\",\"target\":{\"@type\":\"EntryPoint\",\"urlTemplate\":\"https:\/\/aeh.developpement.top\/?s={search_term_string}\"},\"query-input\":{\"@type\":\"PropertyValueSpecification\",\"valueRequired\":true,\"valueName\":\"search_term_string\"}}],\"inLanguage\":\"en-US\"},{\"@type\":\"Organization\",\"@id\":\"https:\/\/aeh.developpement.top\/#organization\",\"name\":\"AEH\",\"url\":\"https:\/\/aeh.developpement.top\/\",\"logo\":{\"@type\":\"ImageObject\",\"inLanguage\":\"en-US\",\"@id\":\"https:\/\/aeh.developpement.top\/#\/schema\/logo\/image\/\",\"url\":\"https:\/\/aeh.developpement.top\/wp-content\/uploads\/2025\/12\/Logo-AEH-7-2048x877-1-1.png\",\"contentUrl\":\"https:\/\/aeh.developpement.top\/wp-content\/uploads\/2025\/12\/Logo-AEH-7-2048x877-1-1.png\",\"width\":170,\"height\":73,\"caption\":\"AEH\"},\"image\":{\"@id\":\"https:\/\/aeh.developpement.top\/#\/schema\/logo\/image\/\"}}]}<\/script>\n<!-- \/ Yoast SEO plugin. -->","yoast_head_json":{"title":"Opportunit\u00e9 - AEH","robots":{"index":"noindex","follow":"follow","max-snippet":"max-snippet:-1","max-image-preview":"max-image-preview:large","max-video-preview":"max-video-preview:-1"},"og_locale":"en_US","og_type":"article","og_title":"Opportunit\u00e9 - AEH","og_description":"Opportunit\u00e9s . Offres d\u2019emploi au sein de l\u2019AEH et de ses centres Il n\u2019y a actuellement aucun poste \u00e0 pourvoir au sein du si\u00e8ge de l\u2019Association de l\u2019Enfance Handicap\u00e9e ni [&hellip;]","og_url":"\/fr\/https:\/\/aeh.developpement.top\/fr\/sengager\/opportunite\/\/","og_site_name":"AEH","article_modified_time":"2026-03-02T14:42:14+00:00","twitter_card":"summary_large_image","twitter_misc":{"Est. reading time":"1 minute"},"schema":{"@context":"https:\/\/schema.org","@graph":[{"@type":"WebPage","@id":"https:\/\/aeh.developpement.top\/fr\/sengager\/opportunite\/","url":"https:\/\/aeh.developpement.top\/fr\/sengager\/opportunite\/","name":"Opportunit\u00e9 - AEH","isPartOf":{"@id":"https:\/\/aeh.developpement.top\/#website"},"datePublished":"2026-01-15T15:08:27+00:00","dateModified":"2026-03-02T14:42:14+00:00","breadcrumb":{"@id":"https:\/\/aeh.developpement.top\/fr\/sengager\/opportunite\/#breadcrumb"},"inLanguage":"en-US","potentialAction":[{"@type":"ReadAction","target":["https:\/\/aeh.developpement.top\/fr\/sengager\/opportunite\/"]}]},{"@type":"BreadcrumbList","@id":"https:\/\/aeh.developpement.top\/fr\/sengager\/opportunite\/#breadcrumb","itemListElement":[{"@type":"ListItem","position":1,"name":"Home"},{"@type":"ListItem","position":2,"name":"S\u2019engager","item":"https:\/\/aeh.developpement.top\/sengager\/"},{"@type":"ListItem","position":3,"name":"Opportunit\u00e9"}]},{"@type":"WebSite","@id":"https:\/\/aeh.developpement.top\/#website","url":"https:\/\/aeh.developpement.top\/","name":"AEH","description":"","publisher":{"@id":"https:\/\/aeh.developpement.top\/#organization"},"potentialAction":[{"@type":"SearchAction","target":{"@type":"EntryPoint","urlTemplate":"https:\/\/aeh.developpement.top\/?s={search_term_string}"},"query-input":{"@type":"PropertyValueSpecification","valueRequired":true,"valueName":"search_term_string"}}],"inLanguage":"en-US"},{"@type":"Organization","@id":"https:\/\/aeh.developpement.top\/#organization","name":"AEH","url":"https:\/\/aeh.developpement.top\/","logo":{"@type":"ImageObject","inLanguage":"en-US","@id":"https:\/\/aeh.developpement.top\/#\/schema\/logo\/image\/","url":"https:\/\/aeh.developpement.top\/wp-content\/uploads\/2025\/12\/Logo-AEH-7-2048x877-1-1.png","contentUrl":"https:\/\/aeh.developpement.top\/wp-content\/uploads\/2025\/12\/Logo-AEH-7-2048x877-1-1.png","width":170,"height":73,"caption":"AEH"},"image":{"@id":"https:\/\/aeh.developpement.top\/#\/schema\/logo\/image\/"}}]}},"campaignId":"","_links":{"self":[{"href":"https:\/\/aeh.developpement.top\/fr\/wp-json\/wp\/v2\/pages\/25235","targetHints":{"allow":["GET"]}}],"collection":[{"href":"https:\/\/aeh.developpement.top\/fr\/wp-json\/wp\/v2\/pages"}],"about":[{"href":"https:\/\/aeh.developpement.top\/fr\/wp-json\/wp\/v2\/types\/page"}],"author":[{"embeddable":true,"href":"https:\/\/aeh.developpement.top\/fr\/wp-json\/wp\/v2\/users\/1"}],"replies":[{"embeddable":true,"href":"https:\/\/aeh.developpement.top\/fr\/wp-json\/wp\/v2\/comments?post=25235"}],"version-history":[{"count":22,"href":"https:\/\/aeh.developpement.top\/fr\/wp-json\/wp\/v2\/pages\/25235\/revisions"}],"predecessor-version":[{"id":27206,"href":"https:\/\/aeh.developpement.top\/fr\/wp-json\/wp\/v2\/pages\/25235\/revisions\/27206"}],"up":[{"embeddable":true,"href":"https:\/\/aeh.developpement.top\/fr\/wp-json\/wp\/v2\/pages\/25229"}],"wp:attachment":[{"href":"https:\/\/aeh.developpement.top\/fr\/wp-json\/wp\/v2\/media?parent=25235"}],"curies":[{"name":"wp","href":"https:\/\/api.w.org\/{rel}","templated":true}]}}